{"id":7,"date":"2009-10-03T22:30:38","date_gmt":"2009-10-03T20:30:38","guid":{"rendered":"http:\/\/fauser17.free.fr\/wordpress\/?page_id=2"},"modified":"2011-06-23T16:06:26","modified_gmt":"2011-06-23T16:06:26","slug":"a-propos-2","status":"publish","type":"page","link":"https:\/\/www.csfaure.net\/informatique\/","title":{"rendered":"\u00c0 propos"},"content":{"rendered":"<p>Ceci est un blog sur et autour de l&rsquo;informatique pratique.<\/p>\n<p>Il sera plus orient\u00e9 Linux mais Windows pourra faire l&rsquo;objet de quelques articles.<\/p>\n<p>Les principales distributions concern\u00e9es seront Debian, Ubuntu, Mandriva, Elive et peut-\u00eatre d&rsquo;autres au gr\u00e9 de mes exp\u00e9riences.<\/p>\n<p><em>Pour naviguer dans le blog, qui traitera de sujets, astuces diverses &#8230;, on peut soit aller dans les cat\u00e9gories, soit chercher par date des archives, soit se servir de la fen\u00eatre de recherche.<\/em><\/p>\n<p><em>Les pages quant \u00e0 elles, r\u00e9f\u00e9renc\u00e9es ci-dessus comme menu, traiteront de logiciels, ce qu&rsquo;ils sont , o\u00f9 les trouver.<br \/>\n<\/em><\/p>\n<p>Esp\u00e9rant que mes notes pourront \u00eatre utiles, bonne lecture&#8230;<\/p>\n","protected":false},"excerpt":{"rendered":"<p>Ceci est un blog sur et autour de l&rsquo;informatique pratique. Il sera plus orient\u00e9 Linux mais Windows pourra faire l&rsquo;objet de quelques articles. Les principales distributions concern\u00e9es seront Debian, Ubuntu, Mandriva, Elive et peut-\u00eatre d&rsquo;autres au gr\u00e9 de mes exp\u00e9riences. &hellip; <a href=\"https:\/\/www.csfaure.net\/informatique\/\">Continuer la lecture <span class=\"meta-nav\">&rarr;<\/span><\/a><\/p>\n","protected":false},"author":1,"featured_media":0,"parent":0,"menu_order":0,"comment_status":"open","ping_status":"open","template":"","meta":{"footnotes":""},"class_list":["post-7","page","type-page","status-publish","hentry"],"_links":{"self":[{"href":"https:\/\/www.csfaure.net\/informatique\/wp-json\/wp\/v2\/pages\/7","targetHints":{"allow":["GET"]}}],"collection":[{"href":"https:\/\/www.csfaure.net\/informatique\/wp-json\/wp\/v2\/pages"}],"about":[{"href":"https:\/\/www.csfaure.net\/informatique\/wp-json\/wp\/v2\/types\/page"}],"author":[{"embeddable":true,"href":"https:\/\/www.csfaure.net\/informatique\/wp-json\/wp\/v2\/users\/1"}],"replies":[{"embeddable":true,"href":"https:\/\/www.csfaure.net\/informatique\/wp-json\/wp\/v2\/comments?post=7"}],"version-history":[{"count":2,"href":"https:\/\/www.csfaure.net\/informatique\/wp-json\/wp\/v2\/pages\/7\/revisions"}],"predecessor-version":[{"id":216,"href":"https:\/\/www.csfaure.net\/informatique\/wp-json\/wp\/v2\/pages\/7\/revisions\/216"}],"wp:attachment":[{"href":"https:\/\/www.csfaure.net\/informatique\/wp-json\/wp\/v2\/media?parent=7"}],"curies":[{"name":"wp","href":"https:\/\/api.w.org\/{rel}","templated":true}]}}