{"id":455,"date":"2013-11-13T13:15:45","date_gmt":"2013-11-13T13:15:45","guid":{"rendered":"http:\/\/www.csfaure.net\/informatique\/?page_id=455"},"modified":"2013-11-13T13:25:38","modified_gmt":"2013-11-13T13:25:38","slug":"logiciels-divers","status":"publish","type":"page","link":"https:\/\/www.csfaure.net\/informatique\/linux\/logiciels-divers\/","title":{"rendered":"Logiciels Divers"},"content":{"rendered":"<p>Page recensant divers logiciels, gestions diverses notamment.<\/p>\n<h1><strong><span style=\"color: #3366ff;\">NYAGUA<\/span><\/strong><\/h1>\n<p>Gestion d&rsquo;aquariums, un ou plusieurs, avec stockage des diff\u00e9rentes mesures li\u00e9es \u00e0 l&rsquo;\u00e9cosyst\u00e8me (pH, nitrites, temp\u00e9ratures &#8230;)<\/p>\n<p>&nbsp;<\/p>\n<p>&nbsp;<\/p>\n","protected":false},"excerpt":{"rendered":"<p>Page recensant divers logiciels, gestions diverses notamment. NYAGUA Gestion d&rsquo;aquariums, un ou plusieurs, avec stockage des diff\u00e9rentes mesures li\u00e9es \u00e0 l&rsquo;\u00e9cosyst\u00e8me (pH, nitrites, temp\u00e9ratures &#8230;) &nbsp; &nbsp;<\/p>\n","protected":false},"author":1,"featured_media":0,"parent":205,"menu_order":0,"comment_status":"open","ping_status":"open","template":"","meta":{"footnotes":""},"class_list":["post-455","page","type-page","status-publish","hentry"],"_links":{"self":[{"href":"https:\/\/www.csfaure.net\/informatique\/wp-json\/wp\/v2\/pages\/455","targetHints":{"allow":["GET"]}}],"collection":[{"href":"https:\/\/www.csfaure.net\/informatique\/wp-json\/wp\/v2\/pages"}],"about":[{"href":"https:\/\/www.csfaure.net\/informatique\/wp-json\/wp\/v2\/types\/page"}],"author":[{"embeddable":true,"href":"https:\/\/www.csfaure.net\/informatique\/wp-json\/wp\/v2\/users\/1"}],"replies":[{"embeddable":true,"href":"https:\/\/www.csfaure.net\/informatique\/wp-json\/wp\/v2\/comments?post=455"}],"version-history":[{"count":2,"href":"https:\/\/www.csfaure.net\/informatique\/wp-json\/wp\/v2\/pages\/455\/revisions"}],"predecessor-version":[{"id":458,"href":"https:\/\/www.csfaure.net\/informatique\/wp-json\/wp\/v2\/pages\/455\/revisions\/458"}],"up":[{"embeddable":true,"href":"https:\/\/www.csfaure.net\/informatique\/wp-json\/wp\/v2\/pages\/205"}],"wp:attachment":[{"href":"https:\/\/www.csfaure.net\/informatique\/wp-json\/wp\/v2\/media?parent=455"}],"curies":[{"name":"wp","href":"https:\/\/api.w.org\/{rel}","templated":true}]}}