{"id":276,"date":"2011-11-23T14:19:43","date_gmt":"2011-11-23T14:19:43","guid":{"rendered":"http:\/\/www.csfaure.net\/informatique\/?page_id=276"},"modified":"2011-11-23T14:31:08","modified_gmt":"2011-11-23T14:31:08","slug":"logiciels-multisystemes","status":"publish","type":"page","link":"https:\/\/www.csfaure.net\/informatique\/logiciels-multisystemes\/","title":{"rendered":"Logiciels Multisyst\u00e8mes"},"content":{"rendered":"<p>Cette page et surtout ses sous-pages seront consacr\u00e9es aux logiciels fonctionnant sous divers syst\u00e8mes d&rsquo;exploitation<\/p>\n<h2><\/h2>\n<h2><\/h2>\n<h2><\/h2>\n<h2><\/h2>\n<h2><\/h2>\n<p>&nbsp;<\/p>\n","protected":false},"excerpt":{"rendered":"<p>Cette page et surtout ses sous-pages seront consacr\u00e9es aux logiciels fonctionnant sous divers syst\u00e8mes d&rsquo;exploitation &nbsp;<\/p>\n","protected":false},"author":1,"featured_media":0,"parent":0,"menu_order":0,"comment_status":"open","ping_status":"open","template":"","meta":{"footnotes":""},"class_list":["post-276","page","type-page","status-publish","hentry"],"_links":{"self":[{"href":"https:\/\/www.csfaure.net\/informatique\/wp-json\/wp\/v2\/pages\/276","targetHints":{"allow":["GET"]}}],"collection":[{"href":"https:\/\/www.csfaure.net\/informatique\/wp-json\/wp\/v2\/pages"}],"about":[{"href":"https:\/\/www.csfaure.net\/informatique\/wp-json\/wp\/v2\/types\/page"}],"author":[{"embeddable":true,"href":"https:\/\/www.csfaure.net\/informatique\/wp-json\/wp\/v2\/users\/1"}],"replies":[{"embeddable":true,"href":"https:\/\/www.csfaure.net\/informatique\/wp-json\/wp\/v2\/comments?post=276"}],"version-history":[{"count":4,"href":"https:\/\/www.csfaure.net\/informatique\/wp-json\/wp\/v2\/pages\/276\/revisions"}],"predecessor-version":[{"id":278,"href":"https:\/\/www.csfaure.net\/informatique\/wp-json\/wp\/v2\/pages\/276\/revisions\/278"}],"wp:attachment":[{"href":"https:\/\/www.csfaure.net\/informatique\/wp-json\/wp\/v2\/media?parent=276"}],"curies":[{"name":"wp","href":"https:\/\/api.w.org\/{rel}","templated":true}]}}