{"id":219,"date":"2011-06-23T16:29:03","date_gmt":"2011-06-23T16:29:03","guid":{"rendered":"http:\/\/www.csfaure.net\/informatique\/?page_id=219"},"modified":"2012-02-08T15:50:32","modified_gmt":"2012-02-08T15:50:32","slug":"gimp-2-6","status":"publish","type":"page","link":"https:\/\/www.csfaure.net\/informatique\/linux\/gimp-2-6\/","title":{"rendered":"Logiciels graphiques"},"content":{"rendered":"<p>Cette page concernera les logiciels de dessins proprement dit, de mise en page photos ou cr\u00e9ations de diaporama<\/p>\n<h1><span style=\"color: #3366ff;\">Gimp 2.6<\/span><\/h1>\n<p>Un bon article pour d\u00e9buter sous Gimp dans <em><strong>Linux Pratique Essentiel <\/strong><\/em>d&rsquo;avril-mai 2010<\/p>\n<h1><span style=\"color: #3366ff;\">Photofilmstrip<\/span><\/h1>\n<p>Cr\u00e9er facilement des diaporamas vid\u00e9os.<\/p>\n<p>Pour Debian et d\u00e9riv\u00e9s allez sur <a href=\"http:\/\/www.photofilmstrip.org\/1-0-Home.html\">le site officiel<\/a>.<\/p>\n<p>Une version Windows existe<\/p>\n<h1><span style=\"color: #3366ff;\">Fotoxx<\/span><\/h1>\n<p>Logiciel d&rsquo;\u00e9dition et de retouche pour images et photos num\u00e9riques mais aussi visionnage.<\/p>\n<p>Tr\u00e8s bon logiciel<\/p>\n<h1><span style=\"color: #3366ff;\">SmillaEnlarger<\/span><\/h1>\n<p>Permet d&rsquo;augmenter la r\u00e9solution des images pour plus de pr\u00e9cisions.<\/p>\n<p>&nbsp;<\/p>\n","protected":false},"excerpt":{"rendered":"<p>Cette page concernera les logiciels de dessins proprement dit, de mise en page photos ou cr\u00e9ations de diaporama Gimp 2.6 Un bon article pour d\u00e9buter sous Gimp dans Linux Pratique Essentiel d&rsquo;avril-mai 2010 Photofilmstrip Cr\u00e9er facilement des diaporamas vid\u00e9os. Pour &hellip; <a href=\"https:\/\/www.csfaure.net\/informatique\/linux\/gimp-2-6\/\">Continuer la lecture <span class=\"meta-nav\">&rarr;<\/span><\/a><\/p>\n","protected":false},"author":1,"featured_media":0,"parent":205,"menu_order":0,"comment_status":"open","ping_status":"open","template":"","meta":{"footnotes":""},"class_list":["post-219","page","type-page","status-publish","hentry"],"_links":{"self":[{"href":"https:\/\/www.csfaure.net\/informatique\/wp-json\/wp\/v2\/pages\/219","targetHints":{"allow":["GET"]}}],"collection":[{"href":"https:\/\/www.csfaure.net\/informatique\/wp-json\/wp\/v2\/pages"}],"about":[{"href":"https:\/\/www.csfaure.net\/informatique\/wp-json\/wp\/v2\/types\/page"}],"author":[{"embeddable":true,"href":"https:\/\/www.csfaure.net\/informatique\/wp-json\/wp\/v2\/users\/1"}],"replies":[{"embeddable":true,"href":"https:\/\/www.csfaure.net\/informatique\/wp-json\/wp\/v2\/comments?post=219"}],"version-history":[{"count":9,"href":"https:\/\/www.csfaure.net\/informatique\/wp-json\/wp\/v2\/pages\/219\/revisions"}],"predecessor-version":[{"id":222,"href":"https:\/\/www.csfaure.net\/informatique\/wp-json\/wp\/v2\/pages\/219\/revisions\/222"}],"up":[{"embeddable":true,"href":"https:\/\/www.csfaure.net\/informatique\/wp-json\/wp\/v2\/pages\/205"}],"wp:attachment":[{"href":"https:\/\/www.csfaure.net\/informatique\/wp-json\/wp\/v2\/media?parent=219"}],"curies":[{"name":"wp","href":"https:\/\/api.w.org\/{rel}","templated":true}]}}