{"id":210,"date":"2011-05-30T15:36:39","date_gmt":"2011-05-30T15:36:39","guid":{"rendered":"http:\/\/www.csfaure.net\/informatique\/?page_id=210"},"modified":"2012-02-18T14:58:26","modified_gmt":"2012-02-18T14:58:26","slug":"logiciels-multimedia","status":"publish","type":"page","link":"https:\/\/www.csfaure.net\/informatique\/linux\/logiciels-multimedia\/","title":{"rendered":"Logiciels multimedia"},"content":{"rendered":"<p>Page pour les logiciels g\u00e9n\u00e9ralistes (Vid\u00e9os et Audio et \u00e9ventuellement images)<\/p>\n<h1><span style=\"color: #3366ff;\">Bangarang<\/span><\/h1>\n<p>Lecteur multimedia convivial et intuitif pour KDE.<\/p>\n<p>Pour aller sur le site du projet cliquer sur le lien:<a title=\"Site Bangarang\" href=\"http:\/\/bangarangkde.wordpress.com\/\" target=\"_blank\"> http:\/\/bangarangkde.wordpress.com\/<\/a><\/p>\n<p>Packag\u00e9 pour Ubuntu, Debian, Mageia et Ope<\/p>\n<h1><span style=\"color: #3366ff;\">Arte +7 recorder<\/span><\/h1>\n<p>Script pour r\u00e9cup\u00e9rer et t\u00e9l\u00e9charger les \u00e9missions de<a title=\"http:\/\/plus7.arte.tv\" href=\"http:\/\/plus7.arte.tv\" target=\"_blank\"> http:\/\/plus7.arte.tv<\/a> (reprise de certaines \u00e9missions de Arte)<\/p>\n<p>Ce script est disponible sur<a title=\"http:\/\/codingteam.net\/project\/arte7recorder\" href=\"http:\/\/codingteam.net\/project\/arte7recorder\" target=\"_blank\"> http:\/\/codingteam.net\/project\/arte7recorder<\/a><\/p>\n<h1><span style=\"color: #3366ff;\">Stopmotion<\/span><\/h1>\n<p>Logiciel d&rsquo;animations image par image, avec prise en charge de webcams.<\/p>\n<p>Ce n&rsquo;est pas pour faire un diaporama mais de l&rsquo;animation genre par exemple dessin anim\u00e9.<\/p>\n<p>Packag\u00e9 pour Ubuntu, Debian, Mandriva, OpenSuse<\/p>\n<h1><span style=\"color: #3366ff;\">PhotofilmStrip<\/span><\/h1>\n<p>PhotoFilmStrip creates movies out of your pictures in just 3 steps.<br \/>\nFirst select your photos, customize the motion path and render the video.<br \/>\nThere are several output possibilities for VCD, SVCD, DVD up to FULL-HD.<\/p>\n","protected":false},"excerpt":{"rendered":"<p>Page pour les logiciels g\u00e9n\u00e9ralistes (Vid\u00e9os et Audio et \u00e9ventuellement images) Bangarang Lecteur multimedia convivial et intuitif pour KDE. Pour aller sur le site du projet cliquer sur le lien: http:\/\/bangarangkde.wordpress.com\/ Packag\u00e9 pour Ubuntu, Debian, Mageia et Ope Arte +7 &hellip; <a href=\"https:\/\/www.csfaure.net\/informatique\/linux\/logiciels-multimedia\/\">Continuer la lecture <span class=\"meta-nav\">&rarr;<\/span><\/a><\/p>\n","protected":false},"author":1,"featured_media":0,"parent":205,"menu_order":0,"comment_status":"open","ping_status":"open","template":"","meta":{"footnotes":""},"class_list":["post-210","page","type-page","status-publish","hentry"],"_links":{"self":[{"href":"https:\/\/www.csfaure.net\/informatique\/wp-json\/wp\/v2\/pages\/210","targetHints":{"allow":["GET"]}}],"collection":[{"href":"https:\/\/www.csfaure.net\/informatique\/wp-json\/wp\/v2\/pages"}],"about":[{"href":"https:\/\/www.csfaure.net\/informatique\/wp-json\/wp\/v2\/types\/page"}],"author":[{"embeddable":true,"href":"https:\/\/www.csfaure.net\/informatique\/wp-json\/wp\/v2\/users\/1"}],"replies":[{"embeddable":true,"href":"https:\/\/www.csfaure.net\/informatique\/wp-json\/wp\/v2\/comments?post=210"}],"version-history":[{"count":8,"href":"https:\/\/www.csfaure.net\/informatique\/wp-json\/wp\/v2\/pages\/210\/revisions"}],"predecessor-version":[{"id":212,"href":"https:\/\/www.csfaure.net\/informatique\/wp-json\/wp\/v2\/pages\/210\/revisions\/212"}],"up":[{"embeddable":true,"href":"https:\/\/www.csfaure.net\/informatique\/wp-json\/wp\/v2\/pages\/205"}],"wp:attachment":[{"href":"https:\/\/www.csfaure.net\/informatique\/wp-json\/wp\/v2\/media?parent=210"}],"curies":[{"name":"wp","href":"https:\/\/api.w.org\/{rel}","templated":true}]}}