{"id":174,"date":"2010-12-14T08:46:58","date_gmt":"2010-12-14T08:46:58","guid":{"rendered":"http:\/\/www.csfaure.net\/informatique\/"},"modified":"2011-08-26T13:14:32","modified_gmt":"2011-08-26T13:14:32","slug":"audio","status":"publish","type":"page","link":"https:\/\/www.csfaure.net\/informatique\/windows\/logiciels-multimedia\/audio\/","title":{"rendered":"Audio"},"content":{"rendered":"<p>Logiciels sp\u00e9cialis\u00e9s dans l&rsquo;audio uniquement<\/p>\n<h1><span style=\"color: #00ccff;\">CDex 1.51<\/span><\/h1>\n<h3><span style=\"color: #00ccff;\"><span style=\"color: #c0c0c0;\">Copier un cd-Audio sur un disque dur<\/span><\/span><\/h3>\n<p><span style=\"color: #00ccff;\"><span style=\"color: #c0c0c0;\"><span style=\"color: #000000;\">CDex offre un peu plus d&rsquo;options que Windows M\u00e9dia Player qui n\u00e9anmoins fait \u00e7a assez bien.<\/span><\/span><\/span><\/p>\n<p><span style=\"color: #00ccff;\"><span style=\"color: #c0c0c0;\"><span style=\"color: #000000;\">On peut le t\u00e9l\u00e9charger \u00e0 cette adresse : <a title=\"http:\/\/t.01net.com\/tc10533\" href=\"http:\/\/t.01net.com\/tc10533\">http:\/\/t.01net.com\/tc10533<\/a><\/span><\/span><\/span><\/p>\n<h1><span style=\"color: #00ccff;\"><span style=\"color: #c0c0c0;\"><span style=\"color: #000000;\"><span style=\"color: #00ccff;\">Audacity<\/span><\/span><\/span><\/span><\/h1>\n<h3><span style=\"color: #c0c0c0;\">Cr\u00e9er un ministudio d&rsquo;enregistrement<\/span><\/h3>\n<p><span style=\"color: #c0c0c0;\"><span style=\"color: #000000;\">Pour le t\u00e9l\u00e9charger <a title=\"http:\/\/t.01net.com\/tc19762\" href=\"http:\/\/t.01net.com\/tc19762\">se rendre ici<\/a>.<\/span><\/span><\/p>\n<p><span style=\"color: #c0c0c0;\"><span style=\"color: #000000;\">Il sera n\u00e9cessaire d&rsquo;avoir la <a href=\"http:\/\/wiki.audacityteam.org\">dll d&rsquo;encodage lame<\/a> \u00e0 t\u00e9l\u00e9charger si vous ne l&rsquo;avez pas et l&rsquo;installer dans le dossier d&rsquo;Audacity<\/span><br \/>\n<\/span><\/p>\n<p><span style=\"color: #00ccff;\"><span style=\"color: #c0c0c0;\"><span style=\"color: #000000;\">Audacity peut aussi servir pour enlever la voix d&rsquo;un MP3<\/span><span style=\"color: #000000;\"><span style=\"color: #00ccff;\"><br \/>\n<\/span><\/span><\/span><\/span><\/p>\n<p><span style=\"color: #00ccff;\"><span style=\"color: #c0c0c0;\"><span style=\"color: #000000;\"><span style=\"color: #00ccff;\"><br \/>\n<\/span><\/span><\/span><\/span><\/p>\n","protected":false},"excerpt":{"rendered":"<p>Logiciels sp\u00e9cialis\u00e9s dans l&rsquo;audio uniquement CDex 1.51 Copier un cd-Audio sur un disque dur CDex offre un peu plus d&rsquo;options que Windows M\u00e9dia Player qui n\u00e9anmoins fait \u00e7a assez bien. On peut le t\u00e9l\u00e9charger \u00e0 cette adresse : http:\/\/t.01net.com\/tc10533 Audacity &hellip; <a href=\"https:\/\/www.csfaure.net\/informatique\/windows\/logiciels-multimedia\/audio\/\">Continuer la lecture <span class=\"meta-nav\">&rarr;<\/span><\/a><\/p>\n","protected":false},"author":1,"featured_media":0,"parent":171,"menu_order":0,"comment_status":"open","ping_status":"open","template":"","meta":{"footnotes":""},"class_list":["post-174","page","type-page","status-publish","hentry"],"_links":{"self":[{"href":"https:\/\/www.csfaure.net\/informatique\/wp-json\/wp\/v2\/pages\/174","targetHints":{"allow":["GET"]}}],"collection":[{"href":"https:\/\/www.csfaure.net\/informatique\/wp-json\/wp\/v2\/pages"}],"about":[{"href":"https:\/\/www.csfaure.net\/informatique\/wp-json\/wp\/v2\/types\/page"}],"author":[{"embeddable":true,"href":"https:\/\/www.csfaure.net\/informatique\/wp-json\/wp\/v2\/users\/1"}],"replies":[{"embeddable":true,"href":"https:\/\/www.csfaure.net\/informatique\/wp-json\/wp\/v2\/comments?post=174"}],"version-history":[{"count":5,"href":"https:\/\/www.csfaure.net\/informatique\/wp-json\/wp\/v2\/pages\/174\/revisions"}],"predecessor-version":[{"id":190,"href":"https:\/\/www.csfaure.net\/informatique\/wp-json\/wp\/v2\/pages\/174\/revisions\/190"}],"up":[{"embeddable":true,"href":"https:\/\/www.csfaure.net\/informatique\/wp-json\/wp\/v2\/pages\/171"}],"wp:attachment":[{"href":"https:\/\/www.csfaure.net\/informatique\/wp-json\/wp\/v2\/media?parent=174"}],"curies":[{"name":"wp","href":"https:\/\/api.w.org\/{rel}","templated":true}]}}