{"id":171,"date":"2010-12-14T08:44:52","date_gmt":"2010-12-14T08:44:52","guid":{"rendered":"http:\/\/www.csfaure.net\/informatique\/"},"modified":"2011-05-30T15:29:52","modified_gmt":"2011-05-30T15:29:52","slug":"logiciels-multimedia","status":"publish","type":"page","link":"https:\/\/www.csfaure.net\/informatique\/windows\/logiciels-multimedia\/","title":{"rendered":"Logiciels Multimedia"},"content":{"rendered":"<p>Cette page sera consacr\u00e9e aux logiciels g\u00e9n\u00e9ralistes en multim\u00e9dia tels que VLC par exemple.<\/p>\n<p>Elle contiendra des sous-pages pour des logiciels sp\u00e9cialis\u00e9s.<\/p>\n<p>La plupart des logiciels indiqu\u00e9s ont \u00e9t\u00e9 trouv\u00e9s \u00e0 la lecture de<strong><em> l&rsquo;Ordinateur Individuel-Svm<\/em><\/strong><\/p>\n<h1><span style=\"color: #0000ff;\">VLC<a href=\"\/wp-content\/Images\/Informatique\/vlc.jpg\"><img loading=\"lazy\" decoding=\"async\" class=\"alignright\" title=\"Logo Vlc\" src=\"\/wp-content\/Images\/Informatique\/vlc.jpg\" alt=\"Logo Vlc\" width=\"108\" height=\"142\" \/><\/a><\/span><\/h1>\n<p><span style=\"color: #0000ff;\"><a title=\"T\u00e9l\u00e9charger 01net.com\" href=\"http:\/\/www.01net.com\/telecharger\/\">Tir\u00e9 du site de t\u00e9l\u00e9chargement de l&rsquo;Ordinateur Individuel-Svm<\/a><br \/>\n<\/span><\/p>\n<div class=\"tc_description_logiciel\">\n<p>VLC Media Player est un lecteur multim\u00e9dia extr\u00eamement l\u00e9ger. La consommation en ressources du programme a \u00e9t\u00e9 r\u00e9duite au minimum pour fonctionner parfaitement en arri\u00e8re plan ou sur des syst\u00e8mes \u00e0 la puissance modeste. C&rsquo;est une alternative convaincante face \u00e0 Windows Media Player et aux nombreux autres programmes utilisant les fondations du lecteur de Microsoft. L&rsquo;une des particularit\u00e9s de ce lecteur est qu&rsquo;il ne n\u00e9cessite pas l&rsquo;installation de codecs suppl\u00e9mentaires pour fonctionner correctement. Ce principe est sans aucun doute un avantage int\u00e9ressant puisqu&rsquo;il n&rsquo;est plus n\u00e9cessaire d&rsquo;installer de nombreux codecs regroup\u00e9s dans des packs pour lire une vid\u00e9o dont le format de compression est inconnu pour un lecteur traditionnel ! VLC Media Player est toutefois en mesure de lire les formats audio et vid\u00e9o les plus r\u00e9pandus de fa\u00e7on totalement autonome avec un rendu bien meilleur gr\u00e2ce \u00e0 des post-traitements sur l&rsquo;image et le son d&rsquo;une qualit\u00e9 sup\u00e9rieure. VLC Media Player est ainsi capable de lire, entre autres, les fichiers Mpeg-1, Mpeg-2, Mpeg-4, DivX, AAC, MP3, OGG, AVI, WMV, MOV etc.<br \/>\nOutre les fonctions de lecture classique de source audio ou vid\u00e9o, Videolan propose aussi le d\u00e9codage de flux r\u00e9seau (pour regarder n&rsquo;importe quelle WebTV par exemple), la diffusion en streaming multi-protocole, l&rsquo;encodage \u00e0 la vol\u00e9e, la gravure de CD et DVD, etc. Parmi les toutes nouvelles fonctionnalit\u00e9s int\u00e9gr\u00e9es au programme figure le Timeshift (mettre en pause un flux en streaming), la capacit\u00e9 de lire du Blu-Ray et les formats HD, la pause instantan\u00e9e et la personnalisation de l&rsquo;interface. Dans cette nouvelle version, le lecteur multim\u00e9dia g\u00e8re le d\u00e9codage par le GPU via DxVA2 pour les vid\u00e9os en H.264 et VC-1. <em>VLC<\/em> supporte \u00e9galement de nouveaux codecs, formats et protocoles : les pistes de sous-titres pour Blu-Ray et DVB HD, l&rsquo;Atrac1, l&rsquo;AMR, le WMA Voice, les listes de lecture ZPL et WPL ainsi que les DVD-Audio. Enfin, <em>VLC<\/em> int\u00e8gre une plateforme d&rsquo;extensions \u00e0 base de scripts LUA qui permettent, par exemple, de rechercher des infos, des sous-titres, des paroles, etc. sans quitter le lecteur.<\/p>\n<p>Retrouvez notre s\u00e9lection de logiciels libres sur 01net <strong><a href=\"http:\/\/www.01net.com\/editorial\/514377\/libre-en-fete-nos-20-logiciels-preferes\/ target=\">\u00ab\u00a0Libre en f\u00eate : nos 20 logiciels pr\u00e9f\u00e9r\u00e9s\u00a0\u00bb.<\/a><\/strong><\/p>\n<\/div>\n<p><a href=\"http:\/\/www.01net.com\/telecharger\/windows\/Multimedia\/lecteurs_video_dvd\/fiches\/23823.html\"><br \/>\nPage de 01net.com pour t\u00e9l\u00e9charger VLC version Windows<\/a><\/p>\n","protected":false},"excerpt":{"rendered":"<p>Cette page sera consacr\u00e9e aux logiciels g\u00e9n\u00e9ralistes en multim\u00e9dia tels que VLC par exemple. Elle contiendra des sous-pages pour des logiciels sp\u00e9cialis\u00e9s. La plupart des logiciels indiqu\u00e9s ont \u00e9t\u00e9 trouv\u00e9s \u00e0 la lecture de l&rsquo;Ordinateur Individuel-Svm VLC Tir\u00e9 du site &hellip; <a href=\"https:\/\/www.csfaure.net\/informatique\/windows\/logiciels-multimedia\/\">Continuer la lecture <span class=\"meta-nav\">&rarr;<\/span><\/a><\/p>\n","protected":false},"author":1,"featured_media":0,"parent":202,"menu_order":0,"comment_status":"open","ping_status":"open","template":"","meta":{"footnotes":""},"class_list":["post-171","page","type-page","status-publish","hentry"],"_links":{"self":[{"href":"https:\/\/www.csfaure.net\/informatique\/wp-json\/wp\/v2\/pages\/171","targetHints":{"allow":["GET"]}}],"collection":[{"href":"https:\/\/www.csfaure.net\/informatique\/wp-json\/wp\/v2\/pages"}],"about":[{"href":"https:\/\/www.csfaure.net\/informatique\/wp-json\/wp\/v2\/types\/page"}],"author":[{"embeddable":true,"href":"https:\/\/www.csfaure.net\/informatique\/wp-json\/wp\/v2\/users\/1"}],"replies":[{"embeddable":true,"href":"https:\/\/www.csfaure.net\/informatique\/wp-json\/wp\/v2\/comments?post=171"}],"version-history":[{"count":12,"href":"https:\/\/www.csfaure.net\/informatique\/wp-json\/wp\/v2\/pages\/171\/revisions"}],"predecessor-version":[{"id":207,"href":"https:\/\/www.csfaure.net\/informatique\/wp-json\/wp\/v2\/pages\/171\/revisions\/207"}],"up":[{"embeddable":true,"href":"https:\/\/www.csfaure.net\/informatique\/wp-json\/wp\/v2\/pages\/202"}],"wp:attachment":[{"href":"https:\/\/www.csfaure.net\/informatique\/wp-json\/wp\/v2\/media?parent=171"}],"curies":[{"name":"wp","href":"https:\/\/api.w.org\/{rel}","templated":true}]}}